{"id":217,"date":"2022-12-15T05:06:22","date_gmt":"2022-12-15T05:06:22","guid":{"rendered":"https:\/\/lf.capital\/?page_id=217"},"modified":"2025-05-26T08:35:29","modified_gmt":"2025-05-26T08:35:29","slug":"impressum","status":"publish","type":"page","link":"https:\/\/legalfinance.international\/en\/impressum\/","title":{"rendered":"Imprint"},"content":{"rendered":"<p>Legal Finance International GmbH<br>Speditionstra\u00dfe 15a<\/p>\n\n\n\n<p>40221 D\u00fcsseldorf, Germany<br><br>Mail: <a href=\"mailto:Info@LegalFinance.International\">Info@LegalFinance.International<\/a><br>Phone: 0211 \/ 3845826574<br><br>Gesch\u00e4ftsf\u00fchrer: Raivo Str\u00fcbergs<br>Handelsregister: AG D\u00fcsseldorf HRB 99330<br><br>Legally required statement according to \u00a7 36 VSBG: Legal Finance is neither willing nor obliged to participate in a dispute settlement procedure before a consumer arbitration board.<br><\/p>","protected":false},"excerpt":{"rendered":"<p>Legal Finance International GmbHSpeditionstra\u00dfe 15a 40221 D\u00fcsseldorf E-Mail: Info@LegalFinance.InternationalTelefon: 0211 \/ 3845826574 Gesch\u00e4ftsf\u00fchrer: Raivo Str\u00fcbergsHandelsregister: AG D\u00fcsseldorf HRB 99330 Gesetzlicher Pflichthinweis nach \u00a7 36 VSBG: Legal Finance ist weder bereit noch verpflichtet, an einem Streitbeilegungsverfahren vor einer Verbraucherschlichtungsstelle teilzunehmen.<\/p>","protected":false},"author":1,"featured_media":0,"parent":0,"menu_order":0,"comment_status":"closed","ping_status":"closed","template":"","meta":{"footnotes":""},"class_list":["post-217","page","type-page","status-publish","hentry"],"yoast_head":"<!-- This site is optimized with the Yoast SEO plugin v19.12 - https:\/\/yoast.com\/wordpress\/plugins\/seo\/ -->\n<title>Impressum - Legal Finance International GmbH Prozessfinanzierung<\/title>\n<meta name=\"robots\" content=\"index, follow, max-snippet:-1, max-image-preview:large, max-video-preview:-1\" \/>\n<link rel=\"canonical\" href=\"https:\/\/legalfinance.international\/en\/impressum\/\" \/>\n<meta property=\"og:locale\" content=\"en_GB\" \/>\n<meta property=\"og:type\" content=\"article\" \/>\n<meta property=\"og:title\" content=\"Impressum - Legal Finance International GmbH Prozessfinanzierung\" \/>\n<meta property=\"og:description\" content=\"Legal Finance International GmbHSpeditionstra\u00dfe 15a 40221 D\u00fcsseldorf E-Mail: Info@LegalFinance.InternationalTelefon: 0211 \/ 3845826574 Gesch\u00e4ftsf\u00fchrer: Raivo Str\u00fcbergsHandelsregister: AG D\u00fcsseldorf HRB 99330 Gesetzlicher Pflichthinweis nach \u00a7 36 VSBG: Legal Finance ist weder bereit noch verpflichtet, an einem Streitbeilegungsverfahren vor einer Verbraucherschlichtungsstelle teilzunehmen.\" \/>\n<meta property=\"og:url\" content=\"https:\/\/legalfinance.international\/en\/impressum\/\" \/>\n<meta property=\"og:site_name\" content=\"Legal Finance International GmbH Prozessfinanzierung\" \/>\n<meta property=\"article:modified_time\" content=\"2025-05-26T08:35:29+00:00\" \/>\n<meta name=\"twitter:card\" content=\"summary_large_image\" \/>\n<meta name=\"twitter:label1\" content=\"Estimated reading time\" \/>\n\t<meta name=\"twitter:data1\" content=\"1 minute\" \/>\n<script type=\"application\/ld+json\" class=\"yoast-schema-graph\">{\"@context\":\"https:\/\/schema.org\",\"@graph\":[{\"@type\":\"WebPage\",\"@id\":\"https:\/\/legalfinance.international\/impressum\/\",\"url\":\"https:\/\/legalfinance.international\/impressum\/\",\"name\":\"Impressum - Legal Finance International GmbH Prozessfinanzierung\",\"isPartOf\":{\"@id\":\"https:\/\/legalfinance.international\/#website\"},\"datePublished\":\"2022-12-15T05:06:22+00:00\",\"dateModified\":\"2025-05-26T08:35:29+00:00\",\"breadcrumb\":{\"@id\":\"https:\/\/legalfinance.international\/impressum\/#breadcrumb\"},\"inLanguage\":\"en-GB\",\"potentialAction\":[{\"@type\":\"ReadAction\",\"target\":[\"https:\/\/legalfinance.international\/impressum\/\"]}]},{\"@type\":\"BreadcrumbList\",\"@id\":\"https:\/\/legalfinance.international\/impressum\/#breadcrumb\",\"itemListElement\":[{\"@type\":\"ListItem\",\"position\":1,\"name\":\"Startseite\",\"item\":\"https:\/\/legalfinance.international\/\"},{\"@type\":\"ListItem\",\"position\":2,\"name\":\"Impressum\"}]},{\"@type\":\"WebSite\",\"@id\":\"https:\/\/legalfinance.international\/#website\",\"url\":\"https:\/\/legalfinance.international\/\",\"name\":\"Legal Finance International GmbH Prozessfinanzierung\",\"description\":\"Legal Finance International GmbH D\u00fcsseldorf - Prozessfinanzierung\",\"publisher\":{\"@id\":\"https:\/\/legalfinance.international\/#organization\"},\"potentialAction\":[{\"@type\":\"SearchAction\",\"target\":{\"@type\":\"EntryPoint\",\"urlTemplate\":\"https:\/\/legalfinance.international\/?s={search_term_string}\"},\"query-input\":\"required name=search_term_string\"}],\"inLanguage\":\"en-GB\"},{\"@type\":\"Organization\",\"@id\":\"https:\/\/legalfinance.international\/#organization\",\"name\":\"LF Legal Finfnace SE\",\"url\":\"https:\/\/legalfinance.international\/\",\"logo\":{\"@type\":\"ImageObject\",\"inLanguage\":\"en-GB\",\"@id\":\"https:\/\/legalfinance.international\/#\/schema\/logo\/image\/\",\"url\":\"https:\/\/legalfinance.international\/wp-content\/uploads\/2022\/12\/faviconlfcapital.jpg\",\"contentUrl\":\"https:\/\/legalfinance.international\/wp-content\/uploads\/2022\/12\/faviconlfcapital.jpg\",\"width\":100,\"height\":100,\"caption\":\"LF Legal Finfnace SE\"},\"image\":{\"@id\":\"https:\/\/legalfinance.international\/#\/schema\/logo\/image\/\"}}]}<\/script>\n<!-- \/ Yoast SEO plugin. -->","yoast_head_json":{"title":"Impressum - Legal Finance International GmbH Prozessfinanzierung","robots":{"index":"index","follow":"follow","max-snippet":"max-snippet:-1","max-image-preview":"max-image-preview:large","max-video-preview":"max-video-preview:-1"},"canonical":"https:\/\/legalfinance.international\/en\/impressum\/","og_locale":"en_GB","og_type":"article","og_title":"Impressum - Legal Finance International GmbH Prozessfinanzierung","og_description":"Legal Finance International GmbHSpeditionstra\u00dfe 15a 40221 D\u00fcsseldorf E-Mail: Info@LegalFinance.InternationalTelefon: 0211 \/ 3845826574 Gesch\u00e4ftsf\u00fchrer: Raivo Str\u00fcbergsHandelsregister: AG D\u00fcsseldorf HRB 99330 Gesetzlicher Pflichthinweis nach \u00a7 36 VSBG: Legal Finance ist weder bereit noch verpflichtet, an einem Streitbeilegungsverfahren vor einer Verbraucherschlichtungsstelle teilzunehmen.","og_url":"https:\/\/legalfinance.international\/en\/impressum\/","og_site_name":"Legal Finance International GmbH Prozessfinanzierung","article_modified_time":"2025-05-26T08:35:29+00:00","twitter_card":"summary_large_image","twitter_misc":{"Estimated reading time":"1 minute"},"schema":{"@context":"https:\/\/schema.org","@graph":[{"@type":"WebPage","@id":"https:\/\/legalfinance.international\/impressum\/","url":"https:\/\/legalfinance.international\/impressum\/","name":"Impressum - Legal Finance International GmbH Prozessfinanzierung","isPartOf":{"@id":"https:\/\/legalfinance.international\/#website"},"datePublished":"2022-12-15T05:06:22+00:00","dateModified":"2025-05-26T08:35:29+00:00","breadcrumb":{"@id":"https:\/\/legalfinance.international\/impressum\/#breadcrumb"},"inLanguage":"en-GB","potentialAction":[{"@type":"ReadAction","target":["https:\/\/legalfinance.international\/impressum\/"]}]},{"@type":"BreadcrumbList","@id":"https:\/\/legalfinance.international\/impressum\/#breadcrumb","itemListElement":[{"@type":"ListItem","position":1,"name":"Startseite","item":"https:\/\/legalfinance.international\/"},{"@type":"ListItem","position":2,"name":"Impressum"}]},{"@type":"WebSite","@id":"https:\/\/legalfinance.international\/#website","url":"https:\/\/legalfinance.international\/","name":"Legal Finance International GmbH Prozessfinanzierung","description":"Legal Finance International GmbH D\u00fcsseldorf - Prozessfinanzierung","publisher":{"@id":"https:\/\/legalfinance.international\/#organization"},"potentialAction":[{"@type":"SearchAction","target":{"@type":"EntryPoint","urlTemplate":"https:\/\/legalfinance.international\/?s={search_term_string}"},"query-input":"required name=search_term_string"}],"inLanguage":"en-GB"},{"@type":"Organization","@id":"https:\/\/legalfinance.international\/#organization","name":"LF Legal Finfnace SE","url":"https:\/\/legalfinance.international\/","logo":{"@type":"ImageObject","inLanguage":"en-GB","@id":"https:\/\/legalfinance.international\/#\/schema\/logo\/image\/","url":"https:\/\/legalfinance.international\/wp-content\/uploads\/2022\/12\/faviconlfcapital.jpg","contentUrl":"https:\/\/legalfinance.international\/wp-content\/uploads\/2022\/12\/faviconlfcapital.jpg","width":100,"height":100,"caption":"LF Legal Finfnace SE"},"image":{"@id":"https:\/\/legalfinance.international\/#\/schema\/logo\/image\/"}}]}},"_links":{"self":[{"href":"https:\/\/legalfinance.international\/en\/wp-json\/wp\/v2\/pages\/217","targetHints":{"allow":["GET"]}}],"collection":[{"href":"https:\/\/legalfinance.international\/en\/wp-json\/wp\/v2\/pages"}],"about":[{"href":"https:\/\/legalfinance.international\/en\/wp-json\/wp\/v2\/types\/page"}],"author":[{"embeddable":true,"href":"https:\/\/legalfinance.international\/en\/wp-json\/wp\/v2\/users\/1"}],"replies":[{"embeddable":true,"href":"https:\/\/legalfinance.international\/en\/wp-json\/wp\/v2\/comments?post=217"}],"version-history":[{"count":9,"href":"https:\/\/legalfinance.international\/en\/wp-json\/wp\/v2\/pages\/217\/revisions"}],"predecessor-version":[{"id":607,"href":"https:\/\/legalfinance.international\/en\/wp-json\/wp\/v2\/pages\/217\/revisions\/607"}],"wp:attachment":[{"href":"https:\/\/legalfinance.international\/en\/wp-json\/wp\/v2\/media?parent=217"}],"curies":[{"name":"wp","href":"https:\/\/api.w.org\/{rel}","templated":true}]}}