{"id":350,"date":"2022-12-27T06:01:34","date_gmt":"2022-12-27T06:01:34","guid":{"rendered":"https:\/\/lf.capital\/?page_id=350"},"modified":"2023-06-02T05:09:12","modified_gmt":"2023-06-02T05:09:12","slug":"sicherer-kontakt","status":"publish","type":"page","link":"https:\/\/legalfinance.international\/en\/sicherer-kontakt\/","title":{"rendered":"Sicherer Kontakt"},"content":{"rendered":"<p>Wir bieten maximalen Schutz f\u00fcr Forderungsinhaber. Wir setzen auf Vollverschl\u00fcsselung und 100% Klientenschutz. Folgenderma\u00dfen k\u00f6nnen Sie uns sicher kontaktieren:<br><br><strong>1. Sehr sicher: E-Mail (PGP-verschl\u00fcsselt):<\/strong><\/p>\n\n\n\n<p><a href=\"mailto:Secure@LegalFinance.international\">Secure@LegalFinance.international<\/a><\/p>\n\n\n\n<p><br><strong>2. Mittlere Sicherheit: Protonmail:<\/strong><\/p>\n\n\n\n<p>Legen Sie sich einen Account bei <a rel=\"noreferrer noopener\" href=\"https:\/\/Protonmail.com\/\" target=\"_blank\">Protonmail<\/a> an, loggen Sie sich in die Webmail-Oberfl\u00e4che von Protonmail ein und schreiben Sie an:<\/p>\n\n\n\n<p><a href=\"mailto:LegalFinanceContact@protonmail.com\">LegalFinanceContact@protonmail.com<\/a><\/p>\n\n\n\n<p>Sie senden also eine Mail von Protonmail an Protonmail. Die E-Mail verl\u00e4sst nicht die Server von Protonmail, wo sie verschl\u00fcsselt gespeichert wird.<br><br>Nat\u00fcrlich k\u00f6nnen Sie uns auch an unsere Protonmail-Adresse eine PGP-verschl\u00fcsselt schreiben. Hier unser PGP-Key f\u00fcr <a href=\"mailto:LegalFinanceContact@protonmail.com\">LegalFinanceContact@protonmail.com<\/a>:<\/p>\n\n\n\n<details>\n\u00a0\u00a0<summary>PGP-Key (Klicken zum Anzeigen)<\/summary>\n<p>\n<i>\n&#8212;&#8211;BEGIN PGP PUBLIC KEY BLOCK&#8212;&#8211;\nxsFNBGOq9KcBEADD2aUTFRpbzGhaIIXYyayBBWzINL\/3zWyehYhkhCvCdLi3\nHcYHuhOjR9zgKFS7pS3yTA68Lkdr8Dt\/fTrTwBxCRGAG7SUpE3tEJHMBn64F\nZu+qtMv3Iqt2Ga0nekkIuj4bRlOyN32zk4dWjec0FvL\/ah3rqkkZRY28Excy\neIr\/gCGmFWbZvpKqOzT\/rDq7TerW9vHa\/trshDmbf8D2HuXgMRVJaPi+lHZY\ndtgo9koiekTvsXotD7in4Y1hPflUE2qUo726JaG8w511ZkJ4WPtfqwi0Alrr\nGarWubd8caeEMiR0bPvlM0C0Y52uAKlAx\/\/xwJXCDzxxA4Pi+BLth704iAtr\nmPGo9i53iHx\/8Ys0WSuIw\/Dl8KUprHtmzOzFY7IeGTOD48KsXIa42m5uo4gw\nhzfYgX5er\/hU8+ZZDsxCB1dz1UlsWwGYoS8WjNUVpQCXXbE4aCJbxQGgPlYF\nOjVF1fFDUr0OT+L+0EORiq00lMQ8O4LiyF7xXQqE9xqC4gYU7WmxvVAMs2XJ\nKn14dig+2zlFkZDreOcmI2V+N8qv1tNT0QXcQCK0gXq3iFU6B9WV48PpL34p\ng1KjnwPLWQBZERUwqAbb\/3nF+qYCPsPjG9iDnC9Mly+gytr61KyeBetyY0V4\nuaGvYGRJMx3dEEr6XndocZPI2gZvc0CYfGnYVwARAQABzUdMZWdhbEZpbmFu\nY2VDb250YWN0QHByb3Rvbm1haWwuY29tIDxMZWdhbEZpbmFuY2VDb250YWN0\nQHByb3Rvbm1haWwuY29tPsLBigQQAQgAPgUCY6r0pwQLCQcICRDHIptI4YBX\nhQMVCAoEFgACAQIZAQIbAwIeARYhBNzCwj+uZojEsHMHN8cim0jhgFeFAADH\nLA\/\/Z\/MqEEt1Y9SWUfuZb92K6+IXCUXQtSAMiHlkrsmsVm8OgNQU+573tZbB\naMbZxwPB5dh\/shioAIZ0qMGDHFsP6Zr2uVfm0X9skOKMaz+ZErIy5l5Grjii\nOswjwDDXhokm5G\/iph4e3YtHXpPKV5tD8bxDe5xRbrhdcs0UHwSVX3AYngJy\nrkgBGUVP0Cm+Bl2v7u9aFthve4fl9bKIxUHgCcbFO4zONjsssnWlAHFRbkUL\nwmDmvNLr0MmGIMLm4Kje177ZPXu2ooxI3IPfbeMTL0x7UOcQLPQeq3dErIp0\ny1sJFHGVbA1k8HWB7cIqY4YPSZrgPfugg5o8C1ZUvtDiOBwcBKF87A96CYvU\nz8KyAedklHJB0jt1MUN+KTrB+jR67Ex8x2oUQ8YWlpRpuZ9ClEg0nZg4tpnq\nZ3d2jYKRmzbGdrgfZGS8vlDh8N7IEjX9998aMxCQpXzBcplodyojUAdo0Pd8\nLRoSxT77WpAyTcWwszQC+strFD\/46F8PbV2OfZbZw72XMyL6NSBFbj5uTBqH\nP1xwDeXZfCmmfENuBZRijsxiunp6NJgjRDnnDN7d3y1HatERASrb7Lwq3nKW\nlSCIlZMNAyHtWT8PR7P5aKcXIKyr9iApiTC1Sdy1CUkvtbBAwveF0lL9XARN\nW0RiXSmfBydjRUxJD44W0DvFHKHOwU0EY6r0pwEQAL91rjaDpGoOeznIXZx5\nUbo8jfb7KJSE5PXAEb3ywdBwoH+CXdq\/aQi8C54y7h4QRwMOKbbzmquCtL72\nTXm4bbHZkuHqWlIxYUJCSQajk5TfILKLDoFgrgiZNV8kq4cHz0vrQJK962Qn\noLGG7rPmToQZBPPpSUewPmRRzpvyC4AWHWVXz3AGDMvsI9FXhWHgRLPRkq\/X\nG\/5e1hZYqKRqTYgUc+kAmpsfVse1gTKJVoRLNx8fgA9ya2ocjmlaBpn5SHSk\nn93pCeFtuv7\/yWl2jlgBAEPfxR7Lvl+9Q1Eixxre9+afObgUNzhFl5+IVhD8\nATfWDgIwVrRw+D7pmS1zZwKXZnNybocC\/y2YgbEDxugKumGNy04y\/Rd4nQdM\nUTGQ3yLnXELQnIDLF+Qfg\/glcCQ2ZUf4y292D7s8rSPQeNAsr4P3tVUpufhx\nr2eZhA0uoNqncKgUZdkac3BBHZkMxfH7WhOiwfaVk4kRbjmrkXYg0xT5o\/id\nCoZuOItKEYoRKPPgiIfpbQan3vudhTN9TgbTkWwtW4jONyFw3eDuaoHiRGPM\ncioFSoRSwhGUs5QUO9jw2Gy\/hNnrRyuSgBvupHiXhTVr6gY\/r02xPahusgNQ\nKheveVIyPCgHPxj0H7H2t4ggBWLmYxOykiwt3LzTTpP1vyVqLzuu8dxuyEqd\nF7UDABEBAAHCwXYEGAEIACoFAmOq9KcJEMcim0jhgFeFAhsMFiEE3MLCP65m\niMSwcwc3xyKbSOGAV4UAAGKPD\/oCv+OfiNvVhwADFDTcByD5dLGdLRAG2v1c\nw5\/\/kp9FerWWKntc0WP7prKPs+BXUtF0u3IdlQtklgnyCKsuPgoos25mVU6y\n+tzGwecY0edm5NATe0b6zIVl1Hi5gC8TaTWBSfeQfLUBKWWsPkK12WreeBov\nqhrJvgpPDLAikjrKXyE4BafYFND9YUc\/4o6aUX5\/Bhd5b3WdEe\/WN4zDB4xK\n6otPO6MAlhHkct\/Quwj5YqEbAhBSxtST+ocTTVp+hmC7bo9uv4SUDp1TI7iu\nwpUBHyEJZ6jfHhEcKYiKMoK7KmGeQ5tUmgS8FhxSbbYVIuWg9opRjV\/PDQTu\n3UWyZBPY+Ak30sC3eH5XCriWagdOdZPHt7qGWkY3EZleYqilJ\/P0kecSo1ai\n3zrFIB\/nW0AFTV5mK5323C0J39cyIohOLDr4\/0A4Mz4trWTosN7wdBpXWqrL\nGLZ+1oCKIL0yFEWfXby\/hMssJAgIQi9+vZex2+tE8IO1ob+gMqg9Fd6EFtsW\nYjJJbnqPn5WQH4mZAlqhS6+TRO+S1FfsU70KmXQPXHPkcQGR27KnchvKtH2D\nqQ\/zWlq92qxWVMTJK4xjDS15PdD51dtjCrL7j\/p4bRH\/zPzAcsDOMKizInba\n7VnaPzYydNrEN14p3UO3IM4IGFaX7qIhhNJjnCoNtIaHxW\/ngg==\n=4a0e\n&#8212;&#8211;END PGP PUBLIC KEY BLOCK&#8212;&#8211;\n<\/i>\n<\/p>\n<\/details>\n\n\n\n<p>PGP-Key (Download)<\/p>\n\n\n\n<p>Fingerprint: dcc2c23fae6688c4b0730737c7229b48e1805785<br><br><strong>3. Nicht sehr sicher: Direkte Mail:<\/strong><\/p>\n\n\n\n<p>Schreiben Sie an <a href=\"mailto:Secure@LegalFinance.international\">Secure@LegalFinance.international<\/a>.<\/p>\n\n\n\n<p>Bei uns intern wird Ihre E-Mail unter h\u00f6chsten Sicherheitsstandards verarbeitet. Jedoch ist die \u00dcbertragung von Ihrem Mailprovider zu uns m\u00f6glicherweise nicht sicher. Legen Sie sich aber gern eine E-Mail-Adresse bei einem Freemail-Provider unter einem Pseudonym an und mailen Sie uns.<br><\/p>\n\n\n\n<p><\/p>","protected":false},"excerpt":{"rendered":"<p>Wir bieten maximalen Schutz f\u00fcr Forderungsinhaber. Wir setzen auf Vollverschl\u00fcsselung und 100% Klientenschutz. Folgenderma\u00dfen k\u00f6nnen Sie uns sicher kontaktieren: 1. Sehr sicher: E-Mail (PGP-verschl\u00fcsselt): Secure@LegalFinance.international 2. Mittlere Sicherheit: Protonmail: Legen Sie sich einen Account bei Protonmail an, loggen Sie sich in die Webmail-Oberfl\u00e4che von Protonmail ein und schreiben Sie an: LegalFinanceContact@protonmail.com Sie senden also eine [&hellip;]<\/p>","protected":false},"author":1,"featured_media":0,"parent":0,"menu_order":0,"comment_status":"closed","ping_status":"closed","template":"","meta":{"footnotes":""},"class_list":["post-350","page","type-page","status-publish","hentry"],"yoast_head":"<!-- This site is optimized with the Yoast SEO plugin v19.12 - https:\/\/yoast.com\/wordpress\/plugins\/seo\/ -->\n<title>Sicherer Kontakt - Legal Finance International GmbH Prozessfinanzierung<\/title>\n<meta name=\"robots\" content=\"index, follow, max-snippet:-1, max-image-preview:large, max-video-preview:-1\" \/>\n<link rel=\"canonical\" href=\"https:\/\/legalfinance.international\/en\/sicherer-kontakt\/\" \/>\n<meta property=\"og:locale\" content=\"en_GB\" \/>\n<meta property=\"og:type\" content=\"article\" \/>\n<meta property=\"og:title\" content=\"Sicherer Kontakt - Legal Finance International GmbH Prozessfinanzierung\" \/>\n<meta property=\"og:description\" content=\"Wir bieten maximalen Schutz f\u00fcr Forderungsinhaber. Wir setzen auf Vollverschl\u00fcsselung und 100% Klientenschutz. Folgenderma\u00dfen k\u00f6nnen Sie uns sicher kontaktieren: 1. Sehr sicher: E-Mail (PGP-verschl\u00fcsselt): Secure@LegalFinance.international 2. Mittlere Sicherheit: Protonmail: Legen Sie sich einen Account bei Protonmail an, loggen Sie sich in die Webmail-Oberfl\u00e4che von Protonmail ein und schreiben Sie an: LegalFinanceContact@protonmail.com Sie senden also eine [&hellip;]\" \/>\n<meta property=\"og:url\" content=\"https:\/\/legalfinance.international\/en\/sicherer-kontakt\/\" \/>\n<meta property=\"og:site_name\" content=\"Legal Finance International GmbH Prozessfinanzierung\" \/>\n<meta property=\"article:modified_time\" content=\"2023-06-02T05:09:12+00:00\" \/>\n<meta name=\"twitter:card\" content=\"summary_large_image\" \/>\n<meta name=\"twitter:label1\" content=\"Estimated reading time\" \/>\n\t<meta name=\"twitter:data1\" content=\"3 minutes\" \/>\n<script type=\"application\/ld+json\" class=\"yoast-schema-graph\">{\"@context\":\"https:\/\/schema.org\",\"@graph\":[{\"@type\":\"WebPage\",\"@id\":\"https:\/\/legalfinance.international\/sicherer-kontakt\/\",\"url\":\"https:\/\/legalfinance.international\/sicherer-kontakt\/\",\"name\":\"Sicherer Kontakt - Legal Finance International GmbH Prozessfinanzierung\",\"isPartOf\":{\"@id\":\"https:\/\/legalfinance.international\/#website\"},\"datePublished\":\"2022-12-27T06:01:34+00:00\",\"dateModified\":\"2023-06-02T05:09:12+00:00\",\"breadcrumb\":{\"@id\":\"https:\/\/legalfinance.international\/sicherer-kontakt\/#breadcrumb\"},\"inLanguage\":\"en-GB\",\"potentialAction\":[{\"@type\":\"ReadAction\",\"target\":[\"https:\/\/legalfinance.international\/sicherer-kontakt\/\"]}]},{\"@type\":\"BreadcrumbList\",\"@id\":\"https:\/\/legalfinance.international\/sicherer-kontakt\/#breadcrumb\",\"itemListElement\":[{\"@type\":\"ListItem\",\"position\":1,\"name\":\"Startseite\",\"item\":\"https:\/\/legalfinance.international\/\"},{\"@type\":\"ListItem\",\"position\":2,\"name\":\"Sicherer Kontakt\"}]},{\"@type\":\"WebSite\",\"@id\":\"https:\/\/legalfinance.international\/#website\",\"url\":\"https:\/\/legalfinance.international\/\",\"name\":\"Legal Finance International GmbH Prozessfinanzierung\",\"description\":\"Legal Finance International GmbH D\u00fcsseldorf - Prozessfinanzierung\",\"publisher\":{\"@id\":\"https:\/\/legalfinance.international\/#organization\"},\"potentialAction\":[{\"@type\":\"SearchAction\",\"target\":{\"@type\":\"EntryPoint\",\"urlTemplate\":\"https:\/\/legalfinance.international\/?s={search_term_string}\"},\"query-input\":\"required name=search_term_string\"}],\"inLanguage\":\"en-GB\"},{\"@type\":\"Organization\",\"@id\":\"https:\/\/legalfinance.international\/#organization\",\"name\":\"LF Legal Finfnace SE\",\"url\":\"https:\/\/legalfinance.international\/\",\"logo\":{\"@type\":\"ImageObject\",\"inLanguage\":\"en-GB\",\"@id\":\"https:\/\/legalfinance.international\/#\/schema\/logo\/image\/\",\"url\":\"https:\/\/legalfinance.international\/wp-content\/uploads\/2022\/12\/faviconlfcapital.jpg\",\"contentUrl\":\"https:\/\/legalfinance.international\/wp-content\/uploads\/2022\/12\/faviconlfcapital.jpg\",\"width\":100,\"height\":100,\"caption\":\"LF Legal Finfnace SE\"},\"image\":{\"@id\":\"https:\/\/legalfinance.international\/#\/schema\/logo\/image\/\"}}]}<\/script>\n<!-- \/ Yoast SEO plugin. -->","yoast_head_json":{"title":"Sicherer Kontakt - Legal Finance International GmbH Prozessfinanzierung","robots":{"index":"index","follow":"follow","max-snippet":"max-snippet:-1","max-image-preview":"max-image-preview:large","max-video-preview":"max-video-preview:-1"},"canonical":"https:\/\/legalfinance.international\/en\/sicherer-kontakt\/","og_locale":"en_GB","og_type":"article","og_title":"Sicherer Kontakt - Legal Finance International GmbH Prozessfinanzierung","og_description":"Wir bieten maximalen Schutz f\u00fcr Forderungsinhaber. Wir setzen auf Vollverschl\u00fcsselung und 100% Klientenschutz. Folgenderma\u00dfen k\u00f6nnen Sie uns sicher kontaktieren: 1. Sehr sicher: E-Mail (PGP-verschl\u00fcsselt): Secure@LegalFinance.international 2. Mittlere Sicherheit: Protonmail: Legen Sie sich einen Account bei Protonmail an, loggen Sie sich in die Webmail-Oberfl\u00e4che von Protonmail ein und schreiben Sie an: LegalFinanceContact@protonmail.com Sie senden also eine [&hellip;]","og_url":"https:\/\/legalfinance.international\/en\/sicherer-kontakt\/","og_site_name":"Legal Finance International GmbH Prozessfinanzierung","article_modified_time":"2023-06-02T05:09:12+00:00","twitter_card":"summary_large_image","twitter_misc":{"Estimated reading time":"3 minutes"},"schema":{"@context":"https:\/\/schema.org","@graph":[{"@type":"WebPage","@id":"https:\/\/legalfinance.international\/sicherer-kontakt\/","url":"https:\/\/legalfinance.international\/sicherer-kontakt\/","name":"Sicherer Kontakt - Legal Finance International GmbH Prozessfinanzierung","isPartOf":{"@id":"https:\/\/legalfinance.international\/#website"},"datePublished":"2022-12-27T06:01:34+00:00","dateModified":"2023-06-02T05:09:12+00:00","breadcrumb":{"@id":"https:\/\/legalfinance.international\/sicherer-kontakt\/#breadcrumb"},"inLanguage":"en-GB","potentialAction":[{"@type":"ReadAction","target":["https:\/\/legalfinance.international\/sicherer-kontakt\/"]}]},{"@type":"BreadcrumbList","@id":"https:\/\/legalfinance.international\/sicherer-kontakt\/#breadcrumb","itemListElement":[{"@type":"ListItem","position":1,"name":"Startseite","item":"https:\/\/legalfinance.international\/"},{"@type":"ListItem","position":2,"name":"Sicherer Kontakt"}]},{"@type":"WebSite","@id":"https:\/\/legalfinance.international\/#website","url":"https:\/\/legalfinance.international\/","name":"Legal Finance International GmbH Prozessfinanzierung","description":"Legal Finance International GmbH D\u00fcsseldorf - Prozessfinanzierung","publisher":{"@id":"https:\/\/legalfinance.international\/#organization"},"potentialAction":[{"@type":"SearchAction","target":{"@type":"EntryPoint","urlTemplate":"https:\/\/legalfinance.international\/?s={search_term_string}"},"query-input":"required name=search_term_string"}],"inLanguage":"en-GB"},{"@type":"Organization","@id":"https:\/\/legalfinance.international\/#organization","name":"LF Legal Finfnace SE","url":"https:\/\/legalfinance.international\/","logo":{"@type":"ImageObject","inLanguage":"en-GB","@id":"https:\/\/legalfinance.international\/#\/schema\/logo\/image\/","url":"https:\/\/legalfinance.international\/wp-content\/uploads\/2022\/12\/faviconlfcapital.jpg","contentUrl":"https:\/\/legalfinance.international\/wp-content\/uploads\/2022\/12\/faviconlfcapital.jpg","width":100,"height":100,"caption":"LF Legal Finfnace SE"},"image":{"@id":"https:\/\/legalfinance.international\/#\/schema\/logo\/image\/"}}]}},"_links":{"self":[{"href":"https:\/\/legalfinance.international\/en\/wp-json\/wp\/v2\/pages\/350","targetHints":{"allow":["GET"]}}],"collection":[{"href":"https:\/\/legalfinance.international\/en\/wp-json\/wp\/v2\/pages"}],"about":[{"href":"https:\/\/legalfinance.international\/en\/wp-json\/wp\/v2\/types\/page"}],"author":[{"embeddable":true,"href":"https:\/\/legalfinance.international\/en\/wp-json\/wp\/v2\/users\/1"}],"replies":[{"embeddable":true,"href":"https:\/\/legalfinance.international\/en\/wp-json\/wp\/v2\/comments?post=350"}],"version-history":[{"count":12,"href":"https:\/\/legalfinance.international\/en\/wp-json\/wp\/v2\/pages\/350\/revisions"}],"predecessor-version":[{"id":578,"href":"https:\/\/legalfinance.international\/en\/wp-json\/wp\/v2\/pages\/350\/revisions\/578"}],"wp:attachment":[{"href":"https:\/\/legalfinance.international\/en\/wp-json\/wp\/v2\/media?parent=350"}],"curies":[{"name":"wp","href":"https:\/\/api.w.org\/{rel}","templated":true}]}}