{"id":66,"date":"2022-12-14T13:52:34","date_gmt":"2022-12-14T13:52:34","guid":{"rendered":"https:\/\/lf.capital\/?page_id=66"},"modified":"2023-06-19T06:15:48","modified_gmt":"2023-06-19T06:15:48","slug":"kontakt","status":"publish","type":"page","link":"https:\/\/legalfinance.international\/en\/kontakt\/","title":{"rendered":"Contact"},"content":{"rendered":"<p class=\"has-luminous-vivid-amber-background-color has-background translation-block\">Attention: If you are interested in contacting us anonymously or in a secure way, please use the <a data-type=\"page\" data-id=\"350\" href=\"https:\/\/legalfinance.international\/sicherer-kontakt\/\" target=\"_self\"><strong>secure methods of communication<\/strong><\/a>.<\/p>\n\n\n\n<p><br>Contact us any time:<br><\/p>\n\n\n\n<div class=\"wp-block-columns is-layout-flex wp-container-core-columns-is-layout-28f84493 wp-block-columns-is-layout-flex\">\n<div class=\"wp-block-column is-layout-flow wp-block-column-is-layout-flow\">\n<figure class=\"wp-block-table is-style-stripes\"><table><tbody><tr><td>Phone:<\/td><td>0211 \/ 3845826574<\/td><\/tr><tr><td>Fax:<\/td><td>0211 \/ 3845826574<\/td><\/tr><tr><td>Mail:<\/td><td><a href=\"mailto:Info@LegalFinance.international\">Info@LegalFinance.international<\/a><\/td><\/tr><\/tbody><\/table><\/figure>\n<\/div>\n<\/div>\n\n\n\n<p>You can find all legal information about our company <a href=\"https:\/\/legalfinance.international\/en\/impressum\/\">here<\/a>.<\/p>","protected":false},"excerpt":{"rendered":"<p>ACHTUNG, wenn Anonymit\u00e4t gew\u00fcnscht: Bitte nutzen Sie die sicheren Kontaktm\u00f6glichkeiten, um uns zu kontaktieren. Kontaktieren Sie uns jederzeit &#8211; wir melden uns bei Ihnen: Telefon: 0211 \/ 3845826574 Fax: 0211 \/ 3845826574 E-Mail: Info@LegalFinance.international Das Impressum finden Sie hier.<\/p>","protected":false},"author":1,"featured_media":0,"parent":0,"menu_order":0,"comment_status":"closed","ping_status":"closed","template":"","meta":{"footnotes":""},"class_list":["post-66","page","type-page","status-publish","hentry"],"yoast_head":"<!-- This site is optimized with the Yoast SEO plugin v19.12 - https:\/\/yoast.com\/wordpress\/plugins\/seo\/ -->\n<title>Kontakt - Legal Finance International GmbH Prozessfinanzierung<\/title>\n<meta name=\"robots\" content=\"index, follow, max-snippet:-1, max-image-preview:large, max-video-preview:-1\" \/>\n<link rel=\"canonical\" href=\"https:\/\/legalfinance.international\/en\/kontakt\/\" \/>\n<meta property=\"og:locale\" content=\"en_GB\" \/>\n<meta property=\"og:type\" content=\"article\" \/>\n<meta property=\"og:title\" content=\"Kontakt - Legal Finance International GmbH Prozessfinanzierung\" \/>\n<meta property=\"og:description\" content=\"ACHTUNG, wenn Anonymit\u00e4t gew\u00fcnscht: Bitte nutzen Sie die sicheren Kontaktm\u00f6glichkeiten, um uns zu kontaktieren. Kontaktieren Sie uns jederzeit &#8211; wir melden uns bei Ihnen: Telefon: 0211 \/ 3845826574 Fax: 0211 \/ 3845826574 E-Mail: Info@LegalFinance.international Das Impressum finden Sie hier.\" \/>\n<meta property=\"og:url\" content=\"https:\/\/legalfinance.international\/en\/kontakt\/\" \/>\n<meta property=\"og:site_name\" content=\"Legal Finance International GmbH Prozessfinanzierung\" \/>\n<meta property=\"article:modified_time\" content=\"2023-06-19T06:15:48+00:00\" \/>\n<meta name=\"twitter:card\" content=\"summary_large_image\" \/>\n<script type=\"application\/ld+json\" class=\"yoast-schema-graph\">{\"@context\":\"https:\/\/schema.org\",\"@graph\":[{\"@type\":\"WebPage\",\"@id\":\"https:\/\/legalfinance.international\/kontakt\/\",\"url\":\"https:\/\/legalfinance.international\/kontakt\/\",\"name\":\"Kontakt - Legal Finance International GmbH Prozessfinanzierung\",\"isPartOf\":{\"@id\":\"https:\/\/legalfinance.international\/#website\"},\"datePublished\":\"2022-12-14T13:52:34+00:00\",\"dateModified\":\"2023-06-19T06:15:48+00:00\",\"breadcrumb\":{\"@id\":\"https:\/\/legalfinance.international\/kontakt\/#breadcrumb\"},\"inLanguage\":\"en-GB\",\"potentialAction\":[{\"@type\":\"ReadAction\",\"target\":[\"https:\/\/legalfinance.international\/kontakt\/\"]}]},{\"@type\":\"BreadcrumbList\",\"@id\":\"https:\/\/legalfinance.international\/kontakt\/#breadcrumb\",\"itemListElement\":[{\"@type\":\"ListItem\",\"position\":1,\"name\":\"Startseite\",\"item\":\"https:\/\/legalfinance.international\/\"},{\"@type\":\"ListItem\",\"position\":2,\"name\":\"Kontakt\"}]},{\"@type\":\"WebSite\",\"@id\":\"https:\/\/legalfinance.international\/#website\",\"url\":\"https:\/\/legalfinance.international\/\",\"name\":\"Legal Finance International GmbH Prozessfinanzierung\",\"description\":\"Legal Finance International GmbH D\u00fcsseldorf - Prozessfinanzierung\",\"publisher\":{\"@id\":\"https:\/\/legalfinance.international\/#organization\"},\"potentialAction\":[{\"@type\":\"SearchAction\",\"target\":{\"@type\":\"EntryPoint\",\"urlTemplate\":\"https:\/\/legalfinance.international\/?s={search_term_string}\"},\"query-input\":\"required name=search_term_string\"}],\"inLanguage\":\"en-GB\"},{\"@type\":\"Organization\",\"@id\":\"https:\/\/legalfinance.international\/#organization\",\"name\":\"LF Legal Finfnace SE\",\"url\":\"https:\/\/legalfinance.international\/\",\"logo\":{\"@type\":\"ImageObject\",\"inLanguage\":\"en-GB\",\"@id\":\"https:\/\/legalfinance.international\/#\/schema\/logo\/image\/\",\"url\":\"https:\/\/legalfinance.international\/wp-content\/uploads\/2022\/12\/faviconlfcapital.jpg\",\"contentUrl\":\"https:\/\/legalfinance.international\/wp-content\/uploads\/2022\/12\/faviconlfcapital.jpg\",\"width\":100,\"height\":100,\"caption\":\"LF Legal Finfnace SE\"},\"image\":{\"@id\":\"https:\/\/legalfinance.international\/#\/schema\/logo\/image\/\"}}]}<\/script>\n<!-- \/ Yoast SEO plugin. -->","yoast_head_json":{"title":"Kontakt - Legal Finance International GmbH Prozessfinanzierung","robots":{"index":"index","follow":"follow","max-snippet":"max-snippet:-1","max-image-preview":"max-image-preview:large","max-video-preview":"max-video-preview:-1"},"canonical":"https:\/\/legalfinance.international\/en\/kontakt\/","og_locale":"en_GB","og_type":"article","og_title":"Kontakt - Legal Finance International GmbH Prozessfinanzierung","og_description":"ACHTUNG, wenn Anonymit\u00e4t gew\u00fcnscht: Bitte nutzen Sie die sicheren Kontaktm\u00f6glichkeiten, um uns zu kontaktieren. Kontaktieren Sie uns jederzeit &#8211; wir melden uns bei Ihnen: Telefon: 0211 \/ 3845826574 Fax: 0211 \/ 3845826574 E-Mail: Info@LegalFinance.international Das Impressum finden Sie hier.","og_url":"https:\/\/legalfinance.international\/en\/kontakt\/","og_site_name":"Legal Finance International GmbH Prozessfinanzierung","article_modified_time":"2023-06-19T06:15:48+00:00","twitter_card":"summary_large_image","schema":{"@context":"https:\/\/schema.org","@graph":[{"@type":"WebPage","@id":"https:\/\/legalfinance.international\/kontakt\/","url":"https:\/\/legalfinance.international\/kontakt\/","name":"Kontakt - Legal Finance International GmbH Prozessfinanzierung","isPartOf":{"@id":"https:\/\/legalfinance.international\/#website"},"datePublished":"2022-12-14T13:52:34+00:00","dateModified":"2023-06-19T06:15:48+00:00","breadcrumb":{"@id":"https:\/\/legalfinance.international\/kontakt\/#breadcrumb"},"inLanguage":"en-GB","potentialAction":[{"@type":"ReadAction","target":["https:\/\/legalfinance.international\/kontakt\/"]}]},{"@type":"BreadcrumbList","@id":"https:\/\/legalfinance.international\/kontakt\/#breadcrumb","itemListElement":[{"@type":"ListItem","position":1,"name":"Startseite","item":"https:\/\/legalfinance.international\/"},{"@type":"ListItem","position":2,"name":"Kontakt"}]},{"@type":"WebSite","@id":"https:\/\/legalfinance.international\/#website","url":"https:\/\/legalfinance.international\/","name":"Legal Finance International GmbH Prozessfinanzierung","description":"Legal Finance International GmbH D\u00fcsseldorf - Prozessfinanzierung","publisher":{"@id":"https:\/\/legalfinance.international\/#organization"},"potentialAction":[{"@type":"SearchAction","target":{"@type":"EntryPoint","urlTemplate":"https:\/\/legalfinance.international\/?s={search_term_string}"},"query-input":"required name=search_term_string"}],"inLanguage":"en-GB"},{"@type":"Organization","@id":"https:\/\/legalfinance.international\/#organization","name":"LF Legal Finfnace SE","url":"https:\/\/legalfinance.international\/","logo":{"@type":"ImageObject","inLanguage":"en-GB","@id":"https:\/\/legalfinance.international\/#\/schema\/logo\/image\/","url":"https:\/\/legalfinance.international\/wp-content\/uploads\/2022\/12\/faviconlfcapital.jpg","contentUrl":"https:\/\/legalfinance.international\/wp-content\/uploads\/2022\/12\/faviconlfcapital.jpg","width":100,"height":100,"caption":"LF Legal Finfnace SE"},"image":{"@id":"https:\/\/legalfinance.international\/#\/schema\/logo\/image\/"}}]}},"_links":{"self":[{"href":"https:\/\/legalfinance.international\/en\/wp-json\/wp\/v2\/pages\/66","targetHints":{"allow":["GET"]}}],"collection":[{"href":"https:\/\/legalfinance.international\/en\/wp-json\/wp\/v2\/pages"}],"about":[{"href":"https:\/\/legalfinance.international\/en\/wp-json\/wp\/v2\/types\/page"}],"author":[{"embeddable":true,"href":"https:\/\/legalfinance.international\/en\/wp-json\/wp\/v2\/users\/1"}],"replies":[{"embeddable":true,"href":"https:\/\/legalfinance.international\/en\/wp-json\/wp\/v2\/comments?post=66"}],"version-history":[{"count":13,"href":"https:\/\/legalfinance.international\/en\/wp-json\/wp\/v2\/pages\/66\/revisions"}],"predecessor-version":[{"id":586,"href":"https:\/\/legalfinance.international\/en\/wp-json\/wp\/v2\/pages\/66\/revisions\/586"}],"wp:attachment":[{"href":"https:\/\/legalfinance.international\/en\/wp-json\/wp\/v2\/media?parent=66"}],"curies":[{"name":"wp","href":"https:\/\/api.w.org\/{rel}","templated":true}]}}